{"id":322304,"date":"2019-02-25T17:52:47","date_gmt":"2019-02-25T16:52:47","guid":{"rendered":"https:\/\/www.sap.je\/winkel\/uncategorized\/seasons\/"},"modified":"2025-12-17T09:29:29","modified_gmt":"2025-12-17T08:29:29","slug":"seasons","status":"publish","type":"product","link":"https:\/\/www.sap.je\/en\/shop\/juices\/seasons\/","title":{"rendered":"Seasons"},"content":{"rendered":"<strong>For the creation of the SEASONS juice we collaborated with Jonnie &amp; Th\u00e9r\u00e8se Boer, known for the with restaurant De Librije. Besides a tantalizing taste experience, this slowjuice juice based on seasonal vegetables and seasonal fruits also offers many vitamins and minerals, such as vitamins A, C and K, potassium, calcium and manganese. <\/strong>\r\n<div class=\"wp-block-spacer\" aria-hidden=\"true\"><\/div>\r\n<p data-start=\"77\" data-end=\"408\">With the Seasons juice, Jonnie and Th\u00e9r\u00e8se Boer created a special taste experience of the best seasonal vegetables, a little seasonal fruit and surprising ingredients such as bergamot, sunflower root and chili pepper. Indulge your taste buds with this tantalizing juice and boost your health at the same time.<\/p>\r\nJonnie Boer already becomes head chef at Restaurant De Librije in Zwolle at the age of twenty-four. A few years later he and his wife Th\u00e9r\u00e8se took over the restaurant. With the Seasons juice, Jonnie and Th\u00e9r\u00e8se Boer have created a great taste experience based on the best seasonal vegetables with a little seasonal fruit and some very surprising ingredients. For example, how about bergamot, sunflower root and chili pepper? Indulge your taste buds with this tantalizing seasonal juice and support your health right away.\r\n\r\n&nbsp;\r\n<h2>What makes this juice healthy?<\/h2>\r\nThe Seasons juice is not only incredibly delicious, but also tremendously healthy. No wonder, because it is made from the best seasonal vegetables and the best seasonal fruits, fresh from the land. The pure, organic and local ingredients for this seasonal juice are then hand washed and pressed in the slow juicer. Then the Seasons juice is immediately frozen to ensure that it stays fresh for as long as possible. This preserves the special taste of the vegetable juice in an excellent way. This method of pressing and storing ensures that you get the optimal amount of healthy nutrients from the seasonal vegetables and other ingredients. As a result, the Seasons juice is rich in vitamins, minerals and antioxidants. Vitamin A is one of the nutrients richly represented in this unique seasonal juice. This vitamin is good for your skin and immune system, as is vitamin C, which you also get a nice amount of. The mineral copper is also plentiful in the Seasons juice. This mineral also helps your immune system and therefore helps to ensure a good resistance. Among other things, potassium is beneficial for your blood pressure and, like the mineral calcium in this juice, supports the functioning of your nerves and muscles. Manganese is one of the antioxidants found in this special seasonal juice. Antioxidants are substances that help protect your body from free radicals.\r\n\r\n&nbsp;\r\n<h2>Taste of the Seasons juice<\/h2>\r\nWhen you open the bottle of the bright yellow Seasons juice, the invigorating, sparkling scents of bergamot emerge,<span> <\/span><a href=\"https:\/\/www.sap.je\/en\/ingredients\/lemon-juice\/\">lemon juice<\/a><span> <\/span>and mango face you. Let them sink in for a moment and then take your first sip slowly. For the complex flavor experience of the seasonal juice, it&#8217;s okay to take your time. First you are likely to taste the rich flavors of yellow carrot, yellow beet and bottle squash, followed closely by fresh cucumber, slightly sour Granny Smith apple and sunflower root. Then follow the tingly fresh and sunny accents of citrus and mango. The sharp, warm flavors of chilli, turmeric and ginger round out the mix. It&#8217;s as if you were allowed to experience a whole world of flavors. Let yourself also be surprised by this unique and healthy juice of Jonnie &amp; Therese Boer, by and for gourmets!\r\n\r\n<em>&#8220;Our juices are an excellent addition as part of a varied, balanced diet and healthy lifestyle.&#8221;<\/em>","protected":false},"excerpt":{"rendered":"<p><span>Good for skin and resistance thanks to vitamins A and C<\/span><\/p>\n","protected":false},"featured_media":322307,"template":"","meta":{"_acf_changed":false,"inline_featured_image":false},"product_brand":[],"product_cat":[265],"product_tag":[],"health_improvement_product":[271,272,273,274],"taste_product":[279],"volume_product":[249],"vegetable_percentage_product":[253],"type_product":[],"class_list":{"0":"post-322304","1":"product","2":"type-product","3":"status-publish","4":"has-post-thumbnail","6":"product_cat-juices","7":"health_improvement_product-brain","8":"health_improvement_product-energy","9":"health_improvement_product-skin","10":"health_improvement_product-resistance","11":"taste_product-spicy","12":"volume_product-240ml","13":"vegetable_percentage_product-253","15":"first","16":"instock","17":"taxable","18":"shipping-taxable","19":"purchasable","20":"product-type-simple"},"acf":[],"_links":{"self":[{"href":"https:\/\/www.sap.je\/en\/wp-json\/wp\/v2\/product\/322304","targetHints":{"allow":["GET"]}}],"collection":[{"href":"https:\/\/www.sap.je\/en\/wp-json\/wp\/v2\/product"}],"about":[{"href":"https:\/\/www.sap.je\/en\/wp-json\/wp\/v2\/types\/product"}],"wp:featuredmedia":[{"embeddable":true,"href":"https:\/\/www.sap.je\/en\/wp-json\/wp\/v2\/media\/322307"}],"wp:attachment":[{"href":"https:\/\/www.sap.je\/en\/wp-json\/wp\/v2\/media?parent=322304"}],"wp:term":[{"taxonomy":"product_brand","embeddable":true,"href":"https:\/\/www.sap.je\/en\/wp-json\/wp\/v2\/product_brand?post=322304"},{"taxonomy":"product_cat","embeddable":true,"href":"https:\/\/www.sap.je\/en\/wp-json\/wp\/v2\/product_cat?post=322304"},{"taxonomy":"product_tag","embeddable":true,"href":"https:\/\/www.sap.je\/en\/wp-json\/wp\/v2\/product_tag?post=322304"},{"taxonomy":"health_improvement_product","embeddable":true,"href":"https:\/\/www.sap.je\/en\/wp-json\/wp\/v2\/health_improvement_product?post=322304"},{"taxonomy":"taste_product","embeddable":true,"href":"https:\/\/www.sap.je\/en\/wp-json\/wp\/v2\/taste_product?post=322304"},{"taxonomy":"volume_product","embeddable":true,"href":"https:\/\/www.sap.je\/en\/wp-json\/wp\/v2\/volume_product?post=322304"},{"taxonomy":"vegetable_percentage_product","embeddable":true,"href":"https:\/\/www.sap.je\/en\/wp-json\/wp\/v2\/vegetable_percentage_product?post=322304"},{"taxonomy":"type_product","embeddable":true,"href":"https:\/\/www.sap.je\/en\/wp-json\/wp\/v2\/type_product?post=322304"}],"curies":[{"name":"wp","href":"https:\/\/api.w.org\/{rel}","templated":true}]}}